{"id":17873,"date":"2018-02-14T16:35:33","date_gmt":"2018-02-14T15:35:33","guid":{"rendered":"http:\/\/p4629.phpnet.org\/darricaudbackup\/?page_id=17873"},"modified":"2018-05-24T11:09:01","modified_gmt":"2018-05-24T09:09:01","slug":"weingut","status":"publish","type":"page","link":"https:\/\/www.chateau-darricaud.fr\/de\/weingut\/","title":{"rendered":"Weingut"},"content":{"rendered":"<div class=\"wpb-content-wrapper\">[vc_row full_width=&#8220;stretch_row_content&#8220; content_placement=&#8220;middle&#8220; enable_parallax=&#8220;&#8220; parallax_speed=&#8220;0.5&#8243; css=&#8220;.vc_custom_1495521655757{padding-top: 5% !important;padding-bottom: 5% !important;}&#8220;][vc_column width=&#8220;1\/2&#8243;][vc_empty_space height=&#8220;40px&#8220;][vc_custom_heading text=&#8220;Charme und Tradition&#8220; font_container=&#8220;tag:div|font_size:24px|text_align:center|color:%230a2240|line_height:1.2&#8243; google_fonts=&#8220;font_family:Open%20Sans%3A300%2C300italic%2Cregular%2Citalic%2C600%2C600italic%2C700%2C700italic%2C800%2C800italic|font_style:400%20regular%3A400%3Anormal&#8220; css=&#8220;.vc_custom_1527152904663{padding-right: 5% !important;padding-left: 5% !important;}&#8220;][vc_empty_space height=&#8220;40px&#8220;][vc_custom_heading text=&#8220;Eine au\u00dfergew\u00f6hnliche Lage&#8220; font_container=&#8220;tag:div|font_size:18px|text_align:center|color:%230a2240|line_height:1.2&#8243; google_fonts=&#8220;font_family:Open%20Sans%3A300%2C300italic%2Cregular%2Citalic%2C600%2C600italic%2C700%2C700italic%2C800%2C800italic|font_style:400%20regular%3A400%3Anormal&#8220; css=&#8220;.vc_custom_1527152913256{padding-right: 5% !important;padding-left: 5% !important;}&#8220;][vc_empty_space height=&#8220;20px&#8220;][vc_column_text css=&#8220;.vc_custom_1523267798102{padding-right: 10% !important;padding-left: 10% !important;}&#8220;]\n<p style=\"text-align: center;\">Das Ch\u00e2teau d\u2019Arricaud, ein herrliches Panorama \u00fcber das Weinbaugebiet Graves: Von den weltber\u00fchmten H\u00fcgeln des Sauternais bis hin zu den Ufern der Garonne.<\/p>\n[\/vc_column_text][vc_empty_space height=&#8220;20px&#8220;][vc_custom_heading text=&#8220;Zwei Jahrhunderte Geschichte&#8220; font_container=&#8220;tag:div|font_size:18px|text_align:center|color:%230a2240|line_height:1.2&#8243; google_fonts=&#8220;font_family:Open%20Sans%3A300%2C300italic%2Cregular%2Citalic%2C600%2C600italic%2C700%2C700italic%2C800%2C800italic|font_style:400%20regular%3A400%3Anormal&#8220; css=&#8220;.vc_custom_1527152921932{padding-right: 5% !important;padding-left: 5% !important;}&#8220;][vc_empty_space height=&#8220;20px&#8220;][vc_column_text css=&#8220;.vc_custom_1523267834836{padding-right: 10% !important;padding-left: 10% !important;}&#8220;]\n<p style=\"text-align: center;\">Die Geschichte des Weingutes tr\u00e4gt einen in der Region bekannten Namen: Graf Joachim de Chalup, Musketier und Pr\u00e4sident des Parlaments von Bordeaux. Er legte 1772 den Grundstein f\u00fcr bis heute mehr als zwei Jahrhunderte Weinbaugeschichte. Von Beginn an wurde das Weingut mit gro\u00dfer Sorgfalt gepflegt und mit ausgew\u00e4hlten Reben bestockt.<\/p>\n<p style=\"text-align: center;\">Die Familie Bouyx-Tr\u00e9nit f\u00fchrt das Weingut seit nunmehr drei Generationen weiter, eng verbunden mit dem Terroir und seiner Geschichte.<\/p>\n<p style=\"text-align: center;\">Winzerin Isabelle Bouyx ist auf Ch\u00e2teau d\u2019Arricaud aufgewachsen und tr\u00e4gt seit 1994 die Verantwortung f\u00fcr das Weingut. Unterst\u00fctzt von ihrem Team verbessert sie unabl\u00e4ssig mit Erfahrung, Leidenschaft und gutem Gesp\u00fcr die Methoden des Anbaus ihrer Reben und die Qualit\u00e4ten ihrer Weine<\/p>\n<p style=\"text-align: center;\">Die Weine von Isabelle Bouyx zeugen von den Eigenarten des Terroirs der Graves, haben Charme, geschmackliche Tiefe sowie Struktur, sind voller Frische und Eleganz.<\/p>\n[\/vc_column_text][\/vc_column][vc_column width=&#8220;1\/2&#8243;][vc_single_image image=&#8220;17586&#8243; img_size=&#8220;full&#8220; alignment=&#8220;center&#8220;][\/vc_column][\/vc_row][vc_row full_width=&#8220;stretch_row_content&#8220; content_placement=&#8220;middle&#8220; enable_parallax=&#8220;&#8220; parallax_speed=&#8220;0.5&#8243; css=&#8220;.vc_custom_1495521661935{padding-top: 5% !important;padding-bottom: 5% !important;}&#8220;][vc_column width=&#8220;1\/2&#8243;][vc_single_image image=&#8220;17570&#8243; img_size=&#8220;full&#8220; alignment=&#8220;center&#8220;][\/vc_column][vc_column width=&#8220;1\/2&#8243;][vc_empty_space height=&#8220;40px&#8220;][vc_custom_heading text=&#8220;Die Natur als Wiege&#8220; font_container=&#8220;tag:div|font_size:24px|text_align:center|color:%230a2240|line_height:1.2&#8243; google_fonts=&#8220;font_family:Open%20Sans%3A300%2C300italic%2Cregular%2Citalic%2C600%2C600italic%2C700%2C700italic%2C800%2C800italic|font_style:400%20regular%3A400%3Anormal&#8220; css=&#8220;.vc_custom_1527152929913{padding-right: 5% !important;padding-left: 5% !important;}&#8220;][vc_empty_space height=&#8220;40px&#8220;][vc_column_text css=&#8220;.vc_custom_1518622504140{padding-right: 10% !important;padding-left: 10% !important;}&#8220;]\n<p style=\"text-align: center;\">Umgeben von Mischw\u00e4ldern profitiert das Weingut von einer au\u00dfergew\u00f6hnlich reichen Biodiversit\u00e4t. Voller Respekt vor diesem Schatz geh\u00f6rt der Schutz von Flora und Fauna zum Selbstverst\u00e4ndnis von Isabelle Bouyx:<\/p>\n<p style=\"text-align: center;\"><ul class=\"styled-list \" style=\"border:1px;border-style:none;border-color:#0a2240\"><li><i class=\"fa fa-leaf\"><\/i>Wir pflegen den Boden und achten auf dauernde Begr\u00fcnung im Weinberg.<\/li><li><i class=\"fa fa-leaf\"><\/i>Dadurch unterst\u00fctzen wir die Erhaltung der Artenvielfalt (Bienen, Insekten, V\u00f6gel, Hecken, Brachen).<\/li><li><i class=\"fa fa-leaf\"><\/i>Kellereiabw\u00e4sser werden bei uns wieder aufbereitet.<\/li><li><i class=\"fa fa-leaf\"><\/i>Wir verwenden vergessen geglaubte, traditionelle Methoden mit viel Handarbeit.<\/li><\/ul>\n[\/vc_column_text][vc_empty_space height=&#8220;40px&#8220;][vc_single_image image=&#8220;18095&#8243; alignment=&#8220;center&#8220;][\/vc_column][\/vc_row][vc_row full_width=&#8220;stretch_row_content&#8220; content_placement=&#8220;middle&#8220; enable_parallax=&#8220;&#8220; parallax_speed=&#8220;0.5&#8243; css=&#8220;.vc_custom_1495521668269{padding-top: 5% !important;padding-bottom: 5% !important;}&#8220;][vc_column][vc_single_image image=&#8220;17573&#8243; img_size=&#8220;full&#8220; alignment=&#8220;center&#8220;][\/vc_column][\/vc_row][vc_row full_width=&#8220;stretch_row_content&#8220; content_placement=&#8220;middle&#8220; enable_parallax=&#8220;&#8220; parallax_speed=&#8220;0.5&#8243; css=&#8220;.vc_custom_1495521668269{padding-top: 5% !important;padding-bottom: 5% !important;}&#8220;][vc_column width=&#8220;1\/4&#8243;][\/vc_column][vc_column width=&#8220;1\/2&#8243;][vc_custom_heading text=&#8220;Ein Team, ein Ziel!<br \/>\n&#8220; font_container=&#8220;tag:div|font_size:24px|text_align:center|color:%230a2240|line_height:1.2&#8243; google_fonts=&#8220;font_family:Open%20Sans%3A300%2C300italic%2Cregular%2Citalic%2C600%2C600italic%2C700%2C700italic%2C800%2C800italic|font_style:400%20regular%3A400%3Anormal&#8220; css=&#8220;.vc_custom_1527152938162{padding-right: 5% !important;padding-left: 5% !important;}&#8220;][vc_empty_space height=&#8220;20px&#8220;][vc_column_text css=&#8220;.vc_custom_1518622529794{padding-right: 10% !important;padding-left: 10% !important;}&#8220;]\n<p style=\"text-align: center;\">Dem guten Wein den Boden zu bereiten, schonend und naturnah, ist unser Ziel. Jeder im Team hat seinen Anteil daran. Wir wollen aus dem, was die Natur uns vorgibt, behutsam Weine entwickeln, die lebendig, fein und charaktervoll die Geschichte unseres Gutes erz\u00e4hlen.<\/p>\n[\/vc_column_text][\/vc_column][\/vc_row]\n<\/div>","protected":false},"excerpt":{"rendered":"<p>[vc_row full_width=&#8220;stretch_row_content&#8220; content_placement=&#8220;middle&#8220; enable_parallax=&#8220;&#8220; parallax_speed=&#8220;0.5&#8243; css=&#8220;.vc_custom_1495521655757{padding-top: 5% !important;padding-bottom: 5% !important;}&#8220;][vc_column width=&#8220;1\/2&#8243;][vc_empty_space height=&#8220;40px&#8220;][vc_custom_heading text=&#8220;Charme und Tradition&#8220; font_container=&#8220;tag:div|font_size:24px|text_align:center|color:%230a2240|line_height:1.2&#8243; google_fonts=&#8220;font_family:Open%20Sans%3A300%2C300italic%2Cregular%2Citalic%2C600%2C600italic%2C700%2C700italic%2C800%2C800italic|font_style:400%20regular%3A400%3Anormal&#8220; css=&#8220;.vc_custom_1527152904663{padding-right: 5% !important;padding-left: 5% !important;}&#8220;][vc_empty_space height=&#8220;40px&#8220;][vc_custom_heading text=&#8220;Eine au\u00dfergew\u00f6hnliche Lage&#8220; font_container=&#8220;tag:div|font_size:18px|text_align:center|color:%230a2240|line_height:1.2&#8243; google_fonts=&#8220;font_family:Open%20Sans%3A300%2C300italic%2Cregular%2Citalic%2C600%2C600italic%2C700%2C700italic%2C800%2C800italic|font_style:400%20regular%3A400%3Anormal&#8220; css=&#8220;.vc_custom_1527152913256{padding-right: 5% !important;padding-left: 5% !important;}&#8220;][vc_empty_space height=&#8220;20px&#8220;][vc_column_text css=&#8220;.vc_custom_1523267798102{padding-right: 10% !important;padding-left: 10% !important;}&#8220;] Das Ch\u00e2teau d\u2019Arricaud, ein herrliches Panorama \u00fcber das Weinbaugebiet Graves: Von den weltber\u00fchmten H\u00fcgeln des Sauternais [&hellip;]<\/p>\n","protected":false},"author":1,"featured_media":0,"parent":0,"menu_order":0,"comment_status":"closed","ping_status":"closed","template":"template-home.php","meta":{"content-type":"","_monsterinsights_skip_tracking":false,"_monsterinsights_sitenote_active":false,"_monsterinsights_sitenote_note":"","_monsterinsights_sitenote_category":0,"footnotes":""},"class_list":["post-17873","page","type-page","status-publish","hentry"],"_links":{"self":[{"href":"https:\/\/www.chateau-darricaud.fr\/de\/wp-json\/wp\/v2\/pages\/17873","targetHints":{"allow":["GET"]}}],"collection":[{"href":"https:\/\/www.chateau-darricaud.fr\/de\/wp-json\/wp\/v2\/pages"}],"about":[{"href":"https:\/\/www.chateau-darricaud.fr\/de\/wp-json\/wp\/v2\/types\/page"}],"author":[{"embeddable":true,"href":"https:\/\/www.chateau-darricaud.fr\/de\/wp-json\/wp\/v2\/users\/1"}],"replies":[{"embeddable":true,"href":"https:\/\/www.chateau-darricaud.fr\/de\/wp-json\/wp\/v2\/comments?post=17873"}],"version-history":[{"count":14,"href":"https:\/\/www.chateau-darricaud.fr\/de\/wp-json\/wp\/v2\/pages\/17873\/revisions"}],"predecessor-version":[{"id":18483,"href":"https:\/\/www.chateau-darricaud.fr\/de\/wp-json\/wp\/v2\/pages\/17873\/revisions\/18483"}],"wp:attachment":[{"href":"https:\/\/www.chateau-darricaud.fr\/de\/wp-json\/wp\/v2\/media?parent=17873"}],"curies":[{"name":"wp","href":"https:\/\/api.w.org\/{rel}","templated":true}]}}