{"id":17726,"date":"2017-05-24T07:30:06","date_gmt":"2017-05-24T05:30:06","guid":{"rendered":"http:\/\/p4629.phpnet.org\/darricaudbackup\/?page_id=17726\/"},"modified":"2021-11-04T09:06:22","modified_gmt":"2021-11-04T08:06:22","slug":"graves-rouge-reserve-du-comte","status":"publish","type":"page","link":"https:\/\/www.chateau-darricaud.fr\/graves-rouge-reserve-du-comte\/","title":{"rendered":"Graves Rouge Reserve du Comte"},"content":{"rendered":"<div class=\"wpb-content-wrapper\">[vc_row full_width=&#8220;stretch_row_content_no_spaces&#8220; enable_parallax=&#8220;&#8220; parallax_speed=&#8220;0.5&#8243;][vc_column width=&#8220;1\/2&#8243;][vc_single_image image=&#8220;18044&#8243; img_size=&#8220;full&#8220;][\/vc_column][vc_column width=&#8220;1\/2&#8243;][vc_empty_space height=&#8220;40px&#8220;][vc_empty_space height=&#8220;40px&#8220;][vc_column_text]\n<h2 style=\"text-align: center;\"><strong>CHATEAU\u00a0 D\u2019ARRICAUD<\/strong><\/h2>\n<h3 style=\"text-align: center;\"><strong>R\u00e9serve du Comte<\/strong><\/h3>\n[\/vc_column_text][vc_empty_space height=&#8220;40px&#8220;][vc_column_text]\n<p style=\"text-align: center;\"><strong>Le vin plaisir !<\/strong><br \/>\n<strong>Une tr\u00e8s belle bouteille aux ar\u00f4mes puissants et persistants.<\/strong><\/p>\n[\/vc_column_text][vc_empty_space height=&#8220;40px&#8220;][vc_column_text css=&#8220;.vc_custom_1522781502174{padding-right: 10% !important;padding-left: 10% !important;}&#8220;]<strong>SITUATION G\u00c9OGRAPHIQUE<\/strong> : Au coeur des Graves, sur un coteau orient\u00e9 Sud-Est, le vignoble install\u00e9 en croupe fait face aux coteaux de Sauternes et d\u2019Entre-deux-mers.<\/p>\n<p><strong>SUPERFICIE<\/strong> : 8 hectares.<\/p>\n<p><strong>TERROIR<\/strong> : Graves argileuses et argilo-calcaires.<\/p>\n<p><strong>ENC\u00c9PAGEMENT<\/strong> : Merlot 70%,Cabernet-Sauvignon 28%, Petit Verdot 2%.<\/p>\n<p><strong>\u00c2GE MOYEN DES VIGNES<\/strong> : 35 ans.<\/p>\n<p><strong>DENSIT\u00c9 DE PLANTATION<\/strong> : 5 500 pieds par hectares.<\/p>\n<p><strong>M\u00c9THODE CULTURALE<\/strong> : Taille bordelaise \u00e0 c\u00f4t ou \u00e0 Guyot simple.<br \/>\nTravail du sol et enherbement ma\u00eetris\u00e9.<br \/>\nEffeuillages raisonn\u00e9s en fonction du climat.<\/p>\n<p><strong>RENDEMENT<\/strong> : 46 hl\/hectare.<\/p>\n<p><strong>R\u00c9COLTE<\/strong> : S\u00e9lection s\u00e9v\u00e8re au vignoble.<br \/>\nManuelle et m\u00e9canis\u00e9e, avec trie de la vendange au vignoble.<\/p>\n<p><strong>VINIFICATION<\/strong> : Fermentation en cuves inox-thermo r\u00e9gul\u00e9es \u00e0 28\u00b0C. Cuvaison longue de 4 semaines.<br \/>\nFermentation malo-lactique.<\/p>\n<p><strong>\u00c9LEVAGE<\/strong> : En cuves et en partiellement en barriques durant 18 mois.<\/p>\n<p><strong>CONDITIONNEMENT<\/strong> : Bouteilles, demi-bouteilles et magnums.<br \/>\nCartons de 6 ou 12 bouteilles couch\u00e9es.<\/p>\n<p><strong>D\u00c9GUSTATION<\/strong> : Nez puissant \u00e0 la fois fruit\u00e9 et \u00e9pic\u00e9. Bouche ronde aux ar\u00f4mes de fruits m\u00fbrs avec une structure tanique et charpent\u00e9e.<br \/>\nBelle persistance aromatique.<\/p>\n<p><strong>ACCORD METS-VINS<\/strong> : Viandes, volailles et fromages. D\u00e9boucher \u00e0 l\u2019avance ou a\u00e9rer le vin en carafe.<\/p>\n<p><strong>TEMP\u00c9RATURE DE SERVICE<\/strong> : 17-18\u00b0C<\/p>\n<p><strong>GARDE<\/strong> : 10 ans[\/vc_column_text][vc_empty_space height=&#8220;30px&#8220;][vc_btn title=&#8220;FICHE TECHNIQUE&#8220; shape=&#8220;square&#8220; color=&#8220;primary&#8220; align=&#8220;center&#8220; i_icon_fontawesome=&#8220;&#8220; add_icon=&#8220;true&#8220; link=&#8220;url:http%3A%2F%2Fwww.chateau-darricaud.fr%2Fwp-content%2Fuploads%2F2018%2F03%2FGRAVES-ROUGE-RESERVE-DU-COMTE.pdf|target:_blank&#8220;][\/vc_column][\/vc_row]\n<\/div>","protected":false},"excerpt":{"rendered":"<p>[vc_row full_width=&#8220;stretch_row_content_no_spaces&#8220; enable_parallax=&#8220;&#8220; parallax_speed=&#8220;0.5&#8243;][vc_column width=&#8220;1\/2&#8243;][vc_single_image image=&#8220;18044&#8243; img_size=&#8220;full&#8220;][\/vc_column][vc_column width=&#8220;1\/2&#8243;][vc_empty_space height=&#8220;40px&#8220;][vc_empty_space height=&#8220;40px&#8220;][vc_column_text] CHATEAU\u00a0 D\u2019ARRICAUD R\u00e9serve du Comte [\/vc_column_text][vc_empty_space height=&#8220;40px&#8220;][vc_column_text] Le vin plaisir ! Une tr\u00e8s belle bouteille aux ar\u00f4mes puissants et persistants. [\/vc_column_text][vc_empty_space height=&#8220;40px&#8220;][vc_column_text css=&#8220;.vc_custom_1522781502174{padding-right: 10% !important;padding-left: 10% !important;}&#8220;]SITUATION G\u00c9OGRAPHIQUE : Au coeur des Graves, sur un coteau orient\u00e9 Sud-Est, le vignoble install\u00e9 en croupe fait face [&hellip;]<\/p>\n","protected":false},"author":1,"featured_media":0,"parent":0,"menu_order":0,"comment_status":"closed","ping_status":"closed","template":"template-home.php","meta":{"content-type":"","_monsterinsights_skip_tracking":false,"_monsterinsights_sitenote_active":false,"_monsterinsights_sitenote_note":"","_monsterinsights_sitenote_category":0,"footnotes":""},"class_list":["post-17726","page","type-page","status-publish","hentry"],"_links":{"self":[{"href":"https:\/\/www.chateau-darricaud.fr\/de\/wp-json\/wp\/v2\/pages\/17726","targetHints":{"allow":["GET"]}}],"collection":[{"href":"https:\/\/www.chateau-darricaud.fr\/de\/wp-json\/wp\/v2\/pages"}],"about":[{"href":"https:\/\/www.chateau-darricaud.fr\/de\/wp-json\/wp\/v2\/types\/page"}],"author":[{"embeddable":true,"href":"https:\/\/www.chateau-darricaud.fr\/de\/wp-json\/wp\/v2\/users\/1"}],"replies":[{"embeddable":true,"href":"https:\/\/www.chateau-darricaud.fr\/de\/wp-json\/wp\/v2\/comments?post=17726"}],"version-history":[{"count":19,"href":"https:\/\/www.chateau-darricaud.fr\/de\/wp-json\/wp\/v2\/pages\/17726\/revisions"}],"predecessor-version":[{"id":18609,"href":"https:\/\/www.chateau-darricaud.fr\/de\/wp-json\/wp\/v2\/pages\/17726\/revisions\/18609"}],"wp:attachment":[{"href":"https:\/\/www.chateau-darricaud.fr\/de\/wp-json\/wp\/v2\/media?parent=17726"}],"curies":[{"name":"wp","href":"https:\/\/api.w.org\/{rel}","templated":true}]}}